{"id":57,"date":"2020-12-13T13:38:29","date_gmt":"2020-12-13T13:38:29","guid":{"rendered":"http:\/\/elmundohabla.com\/?page_id=57"},"modified":"2020-12-13T19:22:11","modified_gmt":"2020-12-13T19:22:11","slug":"inicio","status":"publish","type":"page","link":"https:\/\/elmundohabla.com\/","title":{"rendered":"Inicio"},"content":{"rendered":"\t\t<div data-elementor-type=\"wp-page\" data-elementor-id=\"57\" class=\"elementor elementor-57\">\n\t\t\t\t\t\t<section class=\"elementor-section elementor-top-section elementor-element elementor-element-1f649726 elementor-section-content-middle elementor-section-boxed elementor-section-height-default elementor-section-height-default\" data-id=\"1f649726\" data-element_type=\"section\" data-e-type=\"section\" data-settings=\"{&quot;background_background&quot;:&quot;classic&quot;}\">\n\t\t\t\t\t\t\t<div class=\"elementor-background-overlay\"><\/div>\n\t\t\t\t\t\t\t<div class=\"elementor-container elementor-column-gap-no\">\n\t\t\t\t\t<div class=\"elementor-column elementor-col-100 elementor-top-column elementor-element elementor-element-2ff82e47\" data-id=\"2ff82e47\" data-element_type=\"column\" data-e-type=\"column\">\n\t\t\t<div class=\"elementor-widget-wrap elementor-element-populated\">\n\t\t\t\t\t\t<div class=\"elementor-element elementor-element-62244833 elementor-widget elementor-widget-heading\" data-id=\"62244833\" data-element_type=\"widget\" data-e-type=\"widget\" data-widget_type=\"heading.default\">\n\t\t\t\t<div class=\"elementor-widget-container\">\n\t\t\t\t\t<h1 class=\"elementor-heading-title elementor-size-small\">Quiero comprar<\/h1>\t\t\t\t<\/div>\n\t\t\t\t<\/div>\n\t\t\t\t<div class=\"elementor-element elementor-element-746aac07 elementor-align-center elementor-widget elementor-widget-button\" data-id=\"746aac07\" data-element_type=\"widget\" data-e-type=\"widget\" data-widget_type=\"button.default\">\n\t\t\t\t<div class=\"elementor-widget-container\">\n\t\t\t\t\t\t\t\t\t<div class=\"elementor-button-wrapper\">\n\t\t\t\t\t<a class=\"elementor-button elementor-button-link elementor-size-sm elementor-animation-grow\" href=\"http:\/\/elmundohabla.com\/?p=32\">\n\t\t\t\t\t\t<span class=\"elementor-button-content-wrapper\">\n\t\t\t\t\t\t\t\t\t<span class=\"elementor-button-text\">MUESTRAME OFERTAS<\/span>\n\t\t\t\t\t<\/span>\n\t\t\t\t\t<\/a>\n\t\t\t\t<\/div>\n\t\t\t\t\t\t\t\t<\/div>\n\t\t\t\t<\/div>\n\t\t\t\t<div class=\"elementor-element elementor-element-0790845 elementor-widget elementor-widget-heading\" data-id=\"0790845\" data-element_type=\"widget\" data-e-type=\"widget\" data-widget_type=\"heading.default\">\n\t\t\t\t<div class=\"elementor-widget-container\">\n\t\t\t\t\t<h1 class=\"elementor-heading-title elementor-size-default\">Investigamos o comparamos por ti los mejores productos y servicios<\/h1>\t\t\t\t<\/div>\n\t\t\t\t<\/div>\n\t\t\t\t\t<\/div>\n\t\t<\/div>\n\t\t\t\t\t<\/div>\n\t\t<\/section>\n\t\t\t\t<section class=\"elementor-section elementor-top-section elementor-element elementor-element-5e74b331 elementor-section-content-middle elementor-section-boxed elementor-section-height-default elementor-section-height-default\" data-id=\"5e74b331\" data-element_type=\"section\" data-e-type=\"section\" data-settings=\"{&quot;background_background&quot;:&quot;classic&quot;}\">\n\t\t\t\t\t\t<div class=\"elementor-container elementor-column-gap-no\">\n\t\t\t\t\t<div class=\"elementor-column elementor-col-100 elementor-top-column elementor-element elementor-element-7edeab60\" data-id=\"7edeab60\" data-element_type=\"column\" data-e-type=\"column\">\n\t\t\t<div class=\"elementor-widget-wrap elementor-element-populated\">\n\t\t\t\t\t\t<div class=\"elementor-element elementor-element-6c161b48 elementor-widget elementor-widget-heading\" data-id=\"6c161b48\" data-element_type=\"widget\" data-e-type=\"widget\" data-widget_type=\"heading.default\">\n\t\t\t\t<div class=\"elementor-widget-container\">\n\t\t\t\t\t<h4 class=\"elementor-heading-title elementor-size-default\">Categor\u00edas<\/h4>\t\t\t\t<\/div>\n\t\t\t\t<\/div>\n\t\t\t\t<section class=\"elementor-section elementor-inner-section elementor-element elementor-element-2bafd6ac elementor-section-boxed elementor-section-height-default elementor-section-height-default\" data-id=\"2bafd6ac\" data-element_type=\"section\" data-e-type=\"section\">\n\t\t\t\t\t\t<div class=\"elementor-container elementor-column-gap-default\">\n\t\t\t\t\t<div class=\"elementor-column elementor-col-33 elementor-inner-column elementor-element elementor-element-5b8001df\" data-id=\"5b8001df\" data-element_type=\"column\" data-e-type=\"column\">\n\t\t\t<div class=\"elementor-widget-wrap elementor-element-populated\">\n\t\t\t\t\t\t<div class=\"elementor-element elementor-element-763f207 elementor-widget elementor-widget-image\" data-id=\"763f207\" data-element_type=\"widget\" data-e-type=\"widget\" data-widget_type=\"image.default\">\n\t\t\t\t<div class=\"elementor-widget-container\">\n\t\t\t\t\t\t\t\t\t\t\t\t\t\t\t<img fetchpriority=\"high\" decoding=\"async\" width=\"768\" height=\"512\" src=\"http:\/\/elmundohabla.com\/wp-content\/uploads\/2020\/12\/artem-beliaikin-kTd2PvtqE_o-unsplash-768x512.jpg\" class=\"attachment-medium_large size-medium_large wp-image-85\" alt=\"\" srcset=\"http:\/\/elmundohabla.com\/wp-content\/uploads\/2020\/12\/artem-beliaikin-kTd2PvtqE_o-unsplash-768x512.jpg 768w, http:\/\/elmundohabla.com\/wp-content\/uploads\/2020\/12\/artem-beliaikin-kTd2PvtqE_o-unsplash-300x200.jpg 300w, http:\/\/elmundohabla.com\/wp-content\/uploads\/2020\/12\/artem-beliaikin-kTd2PvtqE_o-unsplash-1024x683.jpg 1024w, http:\/\/elmundohabla.com\/wp-content\/uploads\/2020\/12\/artem-beliaikin-kTd2PvtqE_o-unsplash-1536x1024.jpg 1536w, http:\/\/elmundohabla.com\/wp-content\/uploads\/2020\/12\/artem-beliaikin-kTd2PvtqE_o-unsplash-2048x1365.jpg 2048w\" sizes=\"(max-width: 768px) 100vw, 768px\" \/>\t\t\t\t\t\t\t\t\t\t\t\t\t\t\t<\/div>\n\t\t\t\t<\/div>\n\t\t\t\t<div class=\"elementor-element elementor-element-5bf72b55 elementor-widget elementor-widget-icon-box\" data-id=\"5bf72b55\" data-element_type=\"widget\" data-e-type=\"widget\" data-widget_type=\"icon-box.default\">\n\t\t\t\t<div class=\"elementor-widget-container\">\n\t\t\t\t\t\t\t<div class=\"elementor-icon-box-wrapper\">\n\n\t\t\t\n\t\t\t\t\t\t<div class=\"elementor-icon-box-content\">\n\n\t\t\t\t\t\t\t\t\t<h3 class=\"elementor-icon-box-title\">\n\t\t\t\t\t\t<span  >\n\t\t\t\t\t\t\tOfertas y Descuentos\t\t\t\t\t\t<\/span>\n\t\t\t\t\t<\/h3>\n\t\t\t\t\n\t\t\t\t\t\t\t\t\t<p class=\"elementor-icon-box-description\">\n\t\t\t\t\t\tEstamos preparando algo muy especial para estas fiestas.\n\t\t\t\t\t<\/p>\n\t\t\t\t\n\t\t\t<\/div>\n\t\t\t\n\t\t<\/div>\n\t\t\t\t\t\t<\/div>\n\t\t\t\t<\/div>\n\t\t\t\t\t<\/div>\n\t\t<\/div>\n\t\t\t\t<div class=\"elementor-column elementor-col-33 elementor-inner-column elementor-element elementor-element-63b0d5c3\" data-id=\"63b0d5c3\" data-element_type=\"column\" data-e-type=\"column\">\n\t\t\t<div class=\"elementor-widget-wrap elementor-element-populated\">\n\t\t\t\t\t\t<div class=\"elementor-element elementor-element-3cb31d7 elementor-widget elementor-widget-image\" data-id=\"3cb31d7\" data-element_type=\"widget\" data-e-type=\"widget\" data-widget_type=\"image.default\">\n\t\t\t\t<div class=\"elementor-widget-container\">\n\t\t\t\t\t\t\t\t\t\t\t\t\t\t\t<img decoding=\"async\" width=\"768\" height=\"512\" src=\"http:\/\/elmundohabla.com\/wp-content\/uploads\/2020\/12\/domenico-loia-EhTcC9sYXsw-unsplash-768x512.jpg\" class=\"attachment-medium_large size-medium_large wp-image-87\" alt=\"\" srcset=\"http:\/\/elmundohabla.com\/wp-content\/uploads\/2020\/12\/domenico-loia-EhTcC9sYXsw-unsplash-768x512.jpg 768w, http:\/\/elmundohabla.com\/wp-content\/uploads\/2020\/12\/domenico-loia-EhTcC9sYXsw-unsplash-300x200.jpg 300w, http:\/\/elmundohabla.com\/wp-content\/uploads\/2020\/12\/domenico-loia-EhTcC9sYXsw-unsplash-1024x683.jpg 1024w, http:\/\/elmundohabla.com\/wp-content\/uploads\/2020\/12\/domenico-loia-EhTcC9sYXsw-unsplash-1536x1024.jpg 1536w, http:\/\/elmundohabla.com\/wp-content\/uploads\/2020\/12\/domenico-loia-EhTcC9sYXsw-unsplash-2048x1365.jpg 2048w\" sizes=\"(max-width: 768px) 100vw, 768px\" \/>\t\t\t\t\t\t\t\t\t\t\t\t\t\t\t<\/div>\n\t\t\t\t<\/div>\n\t\t\t\t<div class=\"elementor-element elementor-element-44a5ffb2 elementor-widget elementor-widget-icon-box\" data-id=\"44a5ffb2\" data-element_type=\"widget\" data-e-type=\"widget\" data-widget_type=\"icon-box.default\">\n\t\t\t\t<div class=\"elementor-widget-container\">\n\t\t\t\t\t\t\t<div class=\"elementor-icon-box-wrapper\">\n\n\t\t\t\n\t\t\t\t\t\t<div class=\"elementor-icon-box-content\">\n\n\t\t\t\t\t\t\t\t\t<h3 class=\"elementor-icon-box-title\">\n\t\t\t\t\t\t<span  >\n\t\t\t\t\t\t\tTecnolog\u00eda y gadgets\t\t\t\t\t\t<\/span>\n\t\t\t\t\t<\/h3>\n\t\t\t\t\n\t\t\t\t\t\t\t\t\t<p class=\"elementor-icon-box-description\">\n\t\t\t\t\t\tClick edit button to change this text. Lorem ipsum dolor sit amet, consectetur adipiscing elit. \t\t\t\t\t<\/p>\n\t\t\t\t\n\t\t\t<\/div>\n\t\t\t\n\t\t<\/div>\n\t\t\t\t\t\t<\/div>\n\t\t\t\t<\/div>\n\t\t\t\t\t<\/div>\n\t\t<\/div>\n\t\t\t\t<div class=\"elementor-column elementor-col-33 elementor-inner-column elementor-element elementor-element-184257c9\" data-id=\"184257c9\" data-element_type=\"column\" data-e-type=\"column\">\n\t\t\t<div class=\"elementor-widget-wrap elementor-element-populated\">\n\t\t\t\t\t\t<div class=\"elementor-element elementor-element-013cfa9 elementor-widget elementor-widget-image\" data-id=\"013cfa9\" data-element_type=\"widget\" data-e-type=\"widget\" data-widget_type=\"image.default\">\n\t\t\t\t<div class=\"elementor-widget-container\">\n\t\t\t\t\t\t\t\t\t\t\t\t\t\t\t<img decoding=\"async\" width=\"768\" height=\"512\" src=\"http:\/\/elmundohabla.com\/wp-content\/uploads\/2020\/12\/mesut-kaya-eOcyhe5-9sQ-unsplash-768x512.jpg\" class=\"attachment-medium_large size-medium_large wp-image-88\" alt=\"\" srcset=\"http:\/\/elmundohabla.com\/wp-content\/uploads\/2020\/12\/mesut-kaya-eOcyhe5-9sQ-unsplash-768x512.jpg 768w, http:\/\/elmundohabla.com\/wp-content\/uploads\/2020\/12\/mesut-kaya-eOcyhe5-9sQ-unsplash-300x200.jpg 300w, http:\/\/elmundohabla.com\/wp-content\/uploads\/2020\/12\/mesut-kaya-eOcyhe5-9sQ-unsplash-1024x683.jpg 1024w, http:\/\/elmundohabla.com\/wp-content\/uploads\/2020\/12\/mesut-kaya-eOcyhe5-9sQ-unsplash-1536x1024.jpg 1536w, http:\/\/elmundohabla.com\/wp-content\/uploads\/2020\/12\/mesut-kaya-eOcyhe5-9sQ-unsplash-2048x1365.jpg 2048w\" sizes=\"(max-width: 768px) 100vw, 768px\" \/>\t\t\t\t\t\t\t\t\t\t\t\t\t\t\t<\/div>\n\t\t\t\t<\/div>\n\t\t\t\t<div class=\"elementor-element elementor-element-2365380d elementor-widget elementor-widget-icon-box\" data-id=\"2365380d\" data-element_type=\"widget\" data-e-type=\"widget\" data-widget_type=\"icon-box.default\">\n\t\t\t\t<div class=\"elementor-widget-container\">\n\t\t\t\t\t\t\t<div class=\"elementor-icon-box-wrapper\">\n\n\t\t\t\n\t\t\t\t\t\t<div class=\"elementor-icon-box-content\">\n\n\t\t\t\t\t\t\t\t\t<h3 class=\"elementor-icon-box-title\">\n\t\t\t\t\t\t<span  >\n\t\t\t\t\t\t\tViajes y Escapadas\t\t\t\t\t\t<\/span>\n\t\t\t\t\t<\/h3>\n\t\t\t\t\n\t\t\t\t\t\t\t\t\t<p class=\"elementor-icon-box-description\">\n\t\t\t\t\t\tClick edit button to change this text. Lorem ipsum dolor sit amet, consectetur adipiscing elit. \t\t\t\t\t<\/p>\n\t\t\t\t\n\t\t\t<\/div>\n\t\t\t\n\t\t<\/div>\n\t\t\t\t\t\t<\/div>\n\t\t\t\t<\/div>\n\t\t\t\t\t<\/div>\n\t\t<\/div>\n\t\t\t\t\t<\/div>\n\t\t<\/section>\n\t\t\t\t<section class=\"elementor-section elementor-inner-section elementor-element elementor-element-1f1a4364 elementor-section-boxed elementor-section-height-default elementor-section-height-default\" data-id=\"1f1a4364\" data-element_type=\"section\" data-e-type=\"section\">\n\t\t\t\t\t\t<div class=\"elementor-container elementor-column-gap-default\">\n\t\t\t\t\t<div class=\"elementor-column elementor-col-33 elementor-inner-column elementor-element elementor-element-3c00961f\" data-id=\"3c00961f\" data-element_type=\"column\" data-e-type=\"column\">\n\t\t\t<div class=\"elementor-widget-wrap elementor-element-populated\">\n\t\t\t\t\t\t<div class=\"elementor-element elementor-element-b0d2f51 elementor-widget elementor-widget-image\" data-id=\"b0d2f51\" data-element_type=\"widget\" data-e-type=\"widget\" data-widget_type=\"image.default\">\n\t\t\t\t<div class=\"elementor-widget-container\">\n\t\t\t\t\t\t\t\t\t\t\t\t\t\t\t\t<a href=\"http:\/\/elmundohabla.com\/?page_id=133\">\n\t\t\t\t\t\t\t<img loading=\"lazy\" decoding=\"async\" width=\"768\" height=\"512\" src=\"http:\/\/elmundohabla.com\/wp-content\/uploads\/2020\/12\/muradi-iElRi72-XRE-unsplash-768x512.jpg\" class=\"attachment-medium_large size-medium_large wp-image-89\" alt=\"\" srcset=\"http:\/\/elmundohabla.com\/wp-content\/uploads\/2020\/12\/muradi-iElRi72-XRE-unsplash-768x512.jpg 768w, http:\/\/elmundohabla.com\/wp-content\/uploads\/2020\/12\/muradi-iElRi72-XRE-unsplash-300x200.jpg 300w, http:\/\/elmundohabla.com\/wp-content\/uploads\/2020\/12\/muradi-iElRi72-XRE-unsplash-1024x683.jpg 1024w, http:\/\/elmundohabla.com\/wp-content\/uploads\/2020\/12\/muradi-iElRi72-XRE-unsplash-1536x1024.jpg 1536w, http:\/\/elmundohabla.com\/wp-content\/uploads\/2020\/12\/muradi-iElRi72-XRE-unsplash-2048x1365.jpg 2048w\" sizes=\"(max-width: 768px) 100vw, 768px\" \/>\t\t\t\t\t\t\t\t<\/a>\n\t\t\t\t\t\t\t\t\t\t\t\t\t\t\t<\/div>\n\t\t\t\t<\/div>\n\t\t\t\t<div class=\"elementor-element elementor-element-2481d4d9 elementor-widget elementor-widget-icon-box\" data-id=\"2481d4d9\" data-element_type=\"widget\" data-e-type=\"widget\" data-widget_type=\"icon-box.default\">\n\t\t\t\t<div class=\"elementor-widget-container\">\n\t\t\t\t\t\t\t<div class=\"elementor-icon-box-wrapper\">\n\n\t\t\t\n\t\t\t\t\t\t<div class=\"elementor-icon-box-content\">\n\n\t\t\t\t\t\t\t\t\t<h3 class=\"elementor-icon-box-title\">\n\t\t\t\t\t\t<a href=\"http:\/\/elmundohabla.com\/?page_id=133\" >\n\t\t\t\t\t\t\tOcio y aficiones\t\t\t\t\t\t<\/a>\n\t\t\t\t\t<\/h3>\n\t\t\t\t\n\t\t\t\t\t\t\t\t\t<p class=\"elementor-icon-box-description\">\n\t\t\t\t\t\tClick edit button to change this text. Lorem ipsum dolor sit amet, consectetur adipiscing elit. \t\t\t\t\t<\/p>\n\t\t\t\t\n\t\t\t<\/div>\n\t\t\t\n\t\t<\/div>\n\t\t\t\t\t\t<\/div>\n\t\t\t\t<\/div>\n\t\t\t\t\t<\/div>\n\t\t<\/div>\n\t\t\t\t<div class=\"elementor-column elementor-col-33 elementor-inner-column elementor-element elementor-element-4ce80eec\" data-id=\"4ce80eec\" data-element_type=\"column\" data-e-type=\"column\">\n\t\t\t<div class=\"elementor-widget-wrap elementor-element-populated\">\n\t\t\t\t\t\t<div class=\"elementor-element elementor-element-e338f2a elementor-widget elementor-widget-image\" data-id=\"e338f2a\" data-element_type=\"widget\" data-e-type=\"widget\" data-widget_type=\"image.default\">\n\t\t\t\t<div class=\"elementor-widget-container\">\n\t\t\t\t\t\t\t\t\t\t\t\t\t\t\t<img loading=\"lazy\" decoding=\"async\" width=\"768\" height=\"511\" src=\"http:\/\/elmundohabla.com\/wp-content\/uploads\/2020\/12\/tamara-bellis-IwVRO3TLjLc-unsplash-768x511.jpg\" class=\"attachment-medium_large size-medium_large wp-image-90\" alt=\"\" srcset=\"http:\/\/elmundohabla.com\/wp-content\/uploads\/2020\/12\/tamara-bellis-IwVRO3TLjLc-unsplash-768x511.jpg 768w, http:\/\/elmundohabla.com\/wp-content\/uploads\/2020\/12\/tamara-bellis-IwVRO3TLjLc-unsplash-300x199.jpg 300w, http:\/\/elmundohabla.com\/wp-content\/uploads\/2020\/12\/tamara-bellis-IwVRO3TLjLc-unsplash-1024x681.jpg 1024w, http:\/\/elmundohabla.com\/wp-content\/uploads\/2020\/12\/tamara-bellis-IwVRO3TLjLc-unsplash-1536x1021.jpg 1536w, http:\/\/elmundohabla.com\/wp-content\/uploads\/2020\/12\/tamara-bellis-IwVRO3TLjLc-unsplash-2048x1362.jpg 2048w\" sizes=\"(max-width: 768px) 100vw, 768px\" \/>\t\t\t\t\t\t\t\t\t\t\t\t\t\t\t<\/div>\n\t\t\t\t<\/div>\n\t\t\t\t<div class=\"elementor-element elementor-element-638c047e elementor-widget elementor-widget-icon-box\" data-id=\"638c047e\" data-element_type=\"widget\" data-e-type=\"widget\" data-widget_type=\"icon-box.default\">\n\t\t\t\t<div class=\"elementor-widget-container\">\n\t\t\t\t\t\t\t<div class=\"elementor-icon-box-wrapper\">\n\n\t\t\t\n\t\t\t\t\t\t<div class=\"elementor-icon-box-content\">\n\n\t\t\t\t\t\t\t\t\t<h3 class=\"elementor-icon-box-title\">\n\t\t\t\t\t\t<span  >\n\t\t\t\t\t\t\tModa y complementos \t\t\t\t\t\t<\/span>\n\t\t\t\t\t<\/h3>\n\t\t\t\t\n\t\t\t\t\t\t\t\t\t<p class=\"elementor-icon-box-description\">\n\t\t\t\t\t\tClick edit button to change this text. Lorem ipsum dolor sit amet, consectetur adipiscing elit. \t\t\t\t\t<\/p>\n\t\t\t\t\n\t\t\t<\/div>\n\t\t\t\n\t\t<\/div>\n\t\t\t\t\t\t<\/div>\n\t\t\t\t<\/div>\n\t\t\t\t\t<\/div>\n\t\t<\/div>\n\t\t\t\t<div class=\"elementor-column elementor-col-33 elementor-inner-column elementor-element elementor-element-6c61b472\" data-id=\"6c61b472\" data-element_type=\"column\" data-e-type=\"column\">\n\t\t\t<div class=\"elementor-widget-wrap elementor-element-populated\">\n\t\t\t\t\t\t<div class=\"elementor-element elementor-element-fa22055 elementor-widget elementor-widget-image\" data-id=\"fa22055\" data-element_type=\"widget\" data-e-type=\"widget\" data-widget_type=\"image.default\">\n\t\t\t\t<div class=\"elementor-widget-container\">\n\t\t\t\t\t\t\t\t\t\t\t\t\t\t\t<img loading=\"lazy\" decoding=\"async\" width=\"768\" height=\"512\" src=\"http:\/\/elmundohabla.com\/wp-content\/uploads\/2020\/12\/kira-auf-der-heide-IPx7J1n_xUc-unsplash-768x512.jpg\" class=\"attachment-medium_large size-medium_large wp-image-91\" alt=\"\" srcset=\"http:\/\/elmundohabla.com\/wp-content\/uploads\/2020\/12\/kira-auf-der-heide-IPx7J1n_xUc-unsplash-768x512.jpg 768w, http:\/\/elmundohabla.com\/wp-content\/uploads\/2020\/12\/kira-auf-der-heide-IPx7J1n_xUc-unsplash-300x200.jpg 300w, http:\/\/elmundohabla.com\/wp-content\/uploads\/2020\/12\/kira-auf-der-heide-IPx7J1n_xUc-unsplash-1024x683.jpg 1024w, http:\/\/elmundohabla.com\/wp-content\/uploads\/2020\/12\/kira-auf-der-heide-IPx7J1n_xUc-unsplash-1536x1024.jpg 1536w, http:\/\/elmundohabla.com\/wp-content\/uploads\/2020\/12\/kira-auf-der-heide-IPx7J1n_xUc-unsplash-2048x1365.jpg 2048w\" sizes=\"(max-width: 768px) 100vw, 768px\" \/>\t\t\t\t\t\t\t\t\t\t\t\t\t\t\t<\/div>\n\t\t\t\t<\/div>\n\t\t\t\t<div class=\"elementor-element elementor-element-4cb7849b elementor-widget elementor-widget-icon-box\" data-id=\"4cb7849b\" data-element_type=\"widget\" data-e-type=\"widget\" data-widget_type=\"icon-box.default\">\n\t\t\t\t<div class=\"elementor-widget-container\">\n\t\t\t\t\t\t\t<div class=\"elementor-icon-box-wrapper\">\n\n\t\t\t\n\t\t\t\t\t\t<div class=\"elementor-icon-box-content\">\n\n\t\t\t\t\t\t\t\t\t<h3 class=\"elementor-icon-box-title\">\n\t\t\t\t\t\t<span  >\n\t\t\t\t\t\t\tRegalos Originales\t\t\t\t\t\t<\/span>\n\t\t\t\t\t<\/h3>\n\t\t\t\t\n\t\t\t\t\t\t\t\t\t<p class=\"elementor-icon-box-description\">\n\t\t\t\t\t\tClick edit button to change this text. Lorem ipsum dolor sit amet, consectetur adipiscing elit. \t\t\t\t\t<\/p>\n\t\t\t\t\n\t\t\t<\/div>\n\t\t\t\n\t\t<\/div>\n\t\t\t\t\t\t<\/div>\n\t\t\t\t<\/div>\n\t\t\t\t\t<\/div>\n\t\t<\/div>\n\t\t\t\t\t<\/div>\n\t\t<\/section>\n\t\t\t\t\t<\/div>\n\t\t<\/div>\n\t\t\t\t\t<\/div>\n\t\t<\/section>\n\t\t\t\t<section class=\"elementor-section elementor-top-section elementor-element elementor-element-acbd694 elementor-section-content-middle elementor-section-full_width elementor-section-height-default elementor-section-height-default\" data-id=\"acbd694\" data-element_type=\"section\" data-e-type=\"section\" data-settings=\"{&quot;background_background&quot;:&quot;classic&quot;,&quot;shape_divider_top&quot;:&quot;mountains&quot;}\">\n\t\t\t\t\t<div class=\"elementor-shape elementor-shape-top\" aria-hidden=\"true\" data-negative=\"false\">\n\t\t\t<svg xmlns=\"http:\/\/www.w3.org\/2000\/svg\" viewBox=\"0 0 1000 100\" preserveAspectRatio=\"none\">\n\t<path class=\"elementor-shape-fill\" opacity=\"0.33\" d=\"M473,67.3c-203.9,88.3-263.1-34-320.3,0C66,119.1,0,59.7,0,59.7V0h1000v59.7 c0,0-62.1,26.1-94.9,29.3c-32.8,3.3-62.8-12.3-75.8-22.1C806,49.6,745.3,8.7,694.9,4.7S492.4,59,473,67.3z\"\/>\n\t<path class=\"elementor-shape-fill\" opacity=\"0.66\" d=\"M734,67.3c-45.5,0-77.2-23.2-129.1-39.1c-28.6-8.7-150.3-10.1-254,39.1 s-91.7-34.4-149.2,0C115.7,118.3,0,39.8,0,39.8V0h1000v36.5c0,0-28.2-18.5-92.1-18.5C810.2,18.1,775.7,67.3,734,67.3z\"\/>\n\t<path class=\"elementor-shape-fill\" d=\"M766.1,28.9c-200-57.5-266,65.5-395.1,19.5C242,1.8,242,5.4,184.8,20.6C128,35.8,132.3,44.9,89.9,52.5C28.6,63.7,0,0,0,0 h1000c0,0-9.9,40.9-83.6,48.1S829.6,47,766.1,28.9z\"\/>\n<\/svg>\t\t<\/div>\n\t\t\t\t\t<div class=\"elementor-container elementor-column-gap-narrow\">\n\t\t\t\t\t<div class=\"elementor-column elementor-col-50 elementor-top-column elementor-element elementor-element-5a07369d\" data-id=\"5a07369d\" data-element_type=\"column\" data-e-type=\"column\">\n\t\t\t<div class=\"elementor-widget-wrap elementor-element-populated\">\n\t\t\t\t\t\t<div class=\"elementor-element elementor-element-2cb050f4 elementor-widget-divider--view-line elementor-widget elementor-widget-divider\" data-id=\"2cb050f4\" data-element_type=\"widget\" data-e-type=\"widget\" data-widget_type=\"divider.default\">\n\t\t\t\t<div class=\"elementor-widget-container\">\n\t\t\t\t\t\t\t<div class=\"elementor-divider\">\n\t\t\t<span class=\"elementor-divider-separator\">\n\t\t\t\t\t\t<\/span>\n\t\t<\/div>\n\t\t\t\t\t\t<\/div>\n\t\t\t\t<\/div>\n\t\t\t\t<div class=\"elementor-element elementor-element-6823ca7f elementor-widget elementor-widget-heading\" data-id=\"6823ca7f\" data-element_type=\"widget\" data-e-type=\"widget\" data-widget_type=\"heading.default\">\n\t\t\t\t<div class=\"elementor-widget-container\">\n\t\t\t\t\t<h4 class=\"elementor-heading-title elementor-size-default\">SOBRE MI<\/h4>\t\t\t\t<\/div>\n\t\t\t\t<\/div>\n\t\t\t\t<div class=\"elementor-element elementor-element-5398294 elementor-widget elementor-widget-image\" data-id=\"5398294\" data-element_type=\"widget\" data-e-type=\"widget\" data-widget_type=\"image.default\">\n\t\t\t\t<div class=\"elementor-widget-container\">\n\t\t\t\t\t\t\t\t\t\t\t\t\t\t\t<img decoding=\"async\" src=\"http:\/\/elmundohabla.com\/wp-content\/uploads\/2020\/12\/PerfilMayra.png\" title=\"PerfilMayra\" alt=\"PerfilMayra\" class=\"elementor-animation-shrink\" loading=\"lazy\" \/>\t\t\t\t\t\t\t\t\t\t\t\t\t\t\t<\/div>\n\t\t\t\t<\/div>\n\t\t\t\t\t<\/div>\n\t\t<\/div>\n\t\t\t\t<div class=\"elementor-column elementor-col-50 elementor-top-column elementor-element elementor-element-6153500d\" data-id=\"6153500d\" data-element_type=\"column\" data-e-type=\"column\">\n\t\t\t<div class=\"elementor-widget-wrap elementor-element-populated\">\n\t\t\t\t\t\t<div class=\"elementor-element elementor-element-514e2d21 elementor-widget elementor-widget-text-editor\" data-id=\"514e2d21\" data-element_type=\"widget\" data-e-type=\"widget\" data-widget_type=\"text-editor.default\">\n\t\t\t\t<div class=\"elementor-widget-container\">\n\t\t\t\t\t\t\t\t\t<p>\u00a1Hola! Mi nombre es Mayra.<br \/>Quiz\u00e1s lo que m\u00e1s te interese saber sobre m\u00ed es que adem\u00e1s de contar con una ampl\u00eda experiencia en compras por internet, tambi\u00e9n soy una verdadera apasionada de las nuevas tecnolog\u00edas y del marketing. Llevo m\u00e1s de 10 a\u00f1os comparando y recomendando productos y\/o servicios a todo mi entorno y lo cierto es que CON MUCHO \u00c9XITO.<\/p>\t\t\t\t\t\t\t\t<\/div>\n\t\t\t\t<\/div>\n\t\t\t\t<div class=\"elementor-element elementor-element-15e67316 elementor-widget elementor-widget-text-editor\" data-id=\"15e67316\" data-element_type=\"widget\" data-e-type=\"widget\" data-widget_type=\"text-editor.default\">\n\t\t\t\t<div class=\"elementor-widget-container\">\n\t\t\t\t\t\t\t\t\t<p>Por ello, he decidido dar un paso m\u00e1s y ayudarte a ti, como buscador y futuro comprador, para que tomes la mejor decisi\u00f3n posible en el menor tiempo en base a la investigaci\u00f3n y comparaci\u00f3n de los productos y servicios m\u00e1s comentados<\/p>\t\t\t\t\t\t\t\t<\/div>\n\t\t\t\t<\/div>\n\t\t\t\t\t<\/div>\n\t\t<\/div>\n\t\t\t\t\t<\/div>\n\t\t<\/section>\n\t\t\t\t<\/div>\n\t\t","protected":false},"excerpt":{"rendered":"<p>Quiero comprar MUESTRAME OFERTAS Investigamos o comparamos por ti los mejores productos y servicios Categor\u00edas Ofertas y Descuentos Estamos preparando algo muy especial para estas fiestas. Tecnolog\u00eda y gadgets Click edit button to change this text. Lorem ipsum dolor sit amet, consectetur adipiscing elit. Viajes y Escapadas Click edit button to change this text. Lorem &hellip;<\/p>\n<p class=\"read-more\"> <a class=\"\" href=\"https:\/\/elmundohabla.com\/\"> <span class=\"screen-reader-text\">Inicio<\/span> Leer m\u00e1s &raquo;<\/a><\/p>\n","protected":false},"author":1,"featured_media":0,"parent":0,"menu_order":0,"comment_status":"closed","ping_status":"closed","template":"","meta":{"footnotes":""},"class_list":["post-57","page","type-page","status-publish","hentry"],"_links":{"self":[{"href":"https:\/\/elmundohabla.com\/index.php?rest_route=\/wp\/v2\/pages\/57","targetHints":{"allow":["GET"]}}],"collection":[{"href":"https:\/\/elmundohabla.com\/index.php?rest_route=\/wp\/v2\/pages"}],"about":[{"href":"https:\/\/elmundohabla.com\/index.php?rest_route=\/wp\/v2\/types\/page"}],"author":[{"embeddable":true,"href":"https:\/\/elmundohabla.com\/index.php?rest_route=\/wp\/v2\/users\/1"}],"replies":[{"embeddable":true,"href":"https:\/\/elmundohabla.com\/index.php?rest_route=%2Fwp%2Fv2%2Fcomments&post=57"}],"version-history":[{"count":69,"href":"https:\/\/elmundohabla.com\/index.php?rest_route=\/wp\/v2\/pages\/57\/revisions"}],"predecessor-version":[{"id":156,"href":"https:\/\/elmundohabla.com\/index.php?rest_route=\/wp\/v2\/pages\/57\/revisions\/156"}],"wp:attachment":[{"href":"https:\/\/elmundohabla.com\/index.php?rest_route=%2Fwp%2Fv2%2Fmedia&parent=57"}],"curies":[{"name":"wp","href":"https:\/\/api.w.org\/{rel}","templated":true}]}}